{"id":164,"date":"2023-10-31T10:01:53","date_gmt":"2023-10-31T09:01:53","guid":{"rendered":"https:\/\/zaiati-batiment.fr\/?page_id=164"},"modified":"2023-11-01T13:02:41","modified_gmt":"2023-11-01T12:02:41","slug":"mentions-legales","status":"publish","type":"page","link":"https:\/\/zaiati-batiment.fr\/index.php\/mentions-legales\/","title":{"rendered":"Mentions l\u00e9gales"},"content":{"rendered":"\t\t<div data-elementor-type=\"wp-page\" data-elementor-id=\"164\" class=\"elementor elementor-164\">\n\t\t\t\t<div class=\"elementor-element elementor-element-8d7c72a e-flex e-con-boxed wpr-particle-no wpr-jarallax-no wpr-parallax-no wpr-sticky-section-no e-con e-parent\" data-id=\"8d7c72a\" data-element_type=\"container\">\n\t\t\t\t\t<div class=\"e-con-inner\">\n\t\t\t\t<div class=\"elementor-element elementor-element-35c8582 elementor-widget elementor-widget-heading\" data-id=\"35c8582\" data-element_type=\"widget\" data-widget_type=\"heading.default\">\n\t\t\t\t<div class=\"elementor-widget-container\">\n\t\t\t\t\t<h2 class=\"elementor-heading-title elementor-size-default\">Mentions l\u00e9gales\n<\/h2>\t\t\t\t<\/div>\n\t\t\t\t<\/div>\n\t\t\t\t\t<\/div>\n\t\t\t\t<\/div>\n\t\t<div class=\"elementor-element elementor-element-6e5bcee e-flex e-con-boxed wpr-particle-no wpr-jarallax-no wpr-parallax-no wpr-sticky-section-no e-con e-parent\" data-id=\"6e5bcee\" data-element_type=\"container\">\n\t\t\t\t\t<div class=\"e-con-inner\">\n\t\t\t\t<div class=\"elementor-element elementor-element-05f1001 elementor-widget elementor-widget-text-editor\" data-id=\"05f1001\" data-element_type=\"widget\" data-widget_type=\"text-editor.default\">\n\t\t\t\t<div class=\"elementor-widget-container\">\n\t\t\t\t\t\t\t\t\t<div id=\"inner-wrap\" class=\"wrap hfeed kt-clear\"><div id=\"primary\" class=\"content-area\"><div class=\"content-container site-container\"><div class=\"content-wrap\"><article id=\"post-331\" class=\"entry content-bg single-entry post-331 page type-page status-publish hentry\"><div class=\"entry-content-wrap\"><div class=\"entry-content single-content\"><div class=\"elementor elementor-331\" data-elementor-type=\"wp-page\" data-elementor-id=\"331\"><section class=\"elementor-section elementor-top-section elementor-element elementor-element-8a87416 elementor-section-boxed elementor-section-height-default elementor-section-height-default\" data-id=\"8a87416\" data-element_type=\"section\"><div class=\"elementor-container elementor-column-gap-default\"><div class=\"elementor-column elementor-col-100 elementor-top-column elementor-element elementor-element-a5da26d\" data-id=\"a5da26d\" data-element_type=\"column\"><div class=\"elementor-widget-wrap elementor-element-populated\"><div class=\"elementor-element elementor-element-7c64546 elementor-widget elementor-widget-text-editor\" data-id=\"7c64546\" data-element_type=\"widget\" data-widget_type=\"text-editor.default\"><div class=\"elementor-widget-container\"><p>SARL ZAIATI<\/p><p>Si\u00e8ge social : 12 RUE BOIELDIEU 93150 LE BLANC MESNIL<\/p><p>T\u00e9l\u00e9phone :06 47 69 48 40 \/ 06 98 64 65 70<\/p><p>E-mail : zaiatibatiment@yahoo.fr<\/p><p>533\u00a0932\u00a0000 R.C.S. BOBIGNY 2011\u00a0 B\u00a0 05344 SIRET.533 932\u00a0000\u00a0000 11<\/p><p><strong>Confidentialit\u00e9 des donn\u00e9es<\/strong><br \/>Zaiati batiment s\u2019engage \u00e0 pr\u00e9server la confidentialit\u00e9 des informations communiqu\u00e9es sur le site par l\u2019internaute. L\u2019utilisateur dispose d\u2019un droit d\u2019acc\u00e8s, de rectification et de suppression des donn\u00e9es le concernant qu\u2019il peut exercer en adressant un courriel \u00e0 l\u2019adresse : zaiatibatiment@yahoo.fr<\/p><p><strong>Cr\u00e9dit :<\/strong>\u00a0site web propuls\u00e9 Web-H \u00a0<a href=\"https:\/\/www.webhfr.com\/\">https:\/\/www.webhfr.com\/<\/a><\/p><\/div><\/div><\/div><\/div><\/div><\/section><\/div><\/div><\/div><\/article><\/div><\/div><\/div><\/div><p>\u00a0<\/p><p>IMAGE D&rsquo;ACCUEIL\u00a0 <a href=\"http:\/\/Image de &lt;a href=&quot;https:\/\/fr.freepik.com\/photos-gratuite\/paysage-analogique-ville-batiments_31261387.htm#query=batiment&amp;position=2&amp;from_view=search&amp;track=sph&quot;&gt;Freepik&lt;\/a&gt;\" data-wplink-url-error=\"true\">FREEPIK<\/a><\/p><footer id=\"colophon\" class=\"site-footer\" role=\"contentinfo\"><div class=\"site-footer-wrap\"><div class=\"site-middle-footer-wrap site-footer-row-container site-footer-focus-item site-footer-row-layout-standard site-footer-row-tablet-layout-default site-footer-row-mobile-layout-default\" data-section=\"kadence_customizer_footer_middle\"><div class=\"site-footer-row-container-inner\"><div class=\"site-container\"><div class=\"site-middle-footer-inner-wrap site-footer-row site-footer-row-columns-3 site-footer-row-column-layout-equal site-footer-row-tablet-column-layout-default site-footer-row-mobile-column-layout-row ft-ro-dir-row ft-ro-collapse-normal ft-ro-t-dir-default ft-ro-m-dir-default ft-ro-lstyle-plain\"><div class=\"site-footer-middle-section-1 site-footer-section footer-section-inner-items-0\">\u00a0<\/div><div class=\"site-footer-middle-section-2 site-footer-section footer-section-inner-items-1\"><div class=\"footer-widget-area widget-area site-footer-focus-item footer-social content-align-center content-tablet-align-default content-mobile-align-default content-valign-default content-tablet-valign-default content-mobile-valign-default\" data-section=\"kadence_customizer_footer_social\"><div class=\"footer-widget-area-inner footer-social-inner\"><div class=\"footer-social-wrap\"><div class=\"footer-social-inner-wrap element-social-inner-wrap social-show-label-false social-style-filled\">\u00a0<\/div><\/div><\/div><\/div><\/div><\/div><\/div><\/div><\/div><\/div><\/footer>\t\t\t\t\t\t\t\t<\/div>\n\t\t\t\t<\/div>\n\t\t\t\t\t<\/div>\n\t\t\t\t<\/div>\n\t\t\t\t<\/div>\n\t\t","protected":false},"excerpt":{"rendered":"<p>Mentions l\u00e9gales SARL ZAIATI Si\u00e8ge social : 12 RUE BOIELDIEU 93150 LE BLANC MESNIL T\u00e9l\u00e9phone :06 47 69 48 40 \/ 06 98 64 65 70 E-mail : zaiatibatiment@yahoo.fr 533\u00a0932\u00a0000 R.C.S. BOBIGNY 2011\u00a0 B\u00a0 05344 SIRET.533 932\u00a0000\u00a0000 11 Confidentialit\u00e9 des donn\u00e9esZaiati batiment s\u2019engage \u00e0 pr\u00e9server la confidentialit\u00e9 des informations communiqu\u00e9es sur le site par l\u2019internaute. L\u2019utilisateur dispose d\u2019un droit d\u2019acc\u00e8s, de rectification et de suppression des donn\u00e9es le concernant qu\u2019il peut exercer en adressant un courriel \u00e0 l\u2019adresse : zaiatibatiment@yahoo.fr Cr\u00e9dit :\u00a0site web propuls\u00e9 Web-H \u00a0https:\/\/www.webhfr.com\/ \u00a0 IMAGE D&rsquo;ACCUEIL\u00a0 FREEPIK \u00a0\u00a0<\/p>\n","protected":false},"author":1,"featured_media":0,"parent":0,"menu_order":0,"comment_status":"closed","ping_status":"closed","template":"","meta":{"_kad_post_transparent":"","_kad_post_title":"hide","_kad_post_layout":"fullwidth","_kad_post_sidebar_id":"","_kad_post_content_style":"unboxed","_kad_post_vertical_padding":"hide","_kad_post_feature":"hide","_kad_post_feature_position":"","_kad_post_header":false,"_kad_post_footer":false,"footnotes":""},"yoast_head":"<!-- This site is optimized with the Yoast SEO plugin v22.3 - https:\/\/yoast.com\/wordpress\/plugins\/seo\/ -->\n<title>Mentions l\u00e9gales - www.zaiati-batiment.fr<\/title>\n<meta name=\"robots\" content=\"index, follow, max-snippet:-1, max-image-preview:large, max-video-preview:-1\" \/>\n<link rel=\"canonical\" href=\"http:\/\/zaiati-batiment.fr\/index.php\/mentions-legales\/\" \/>\n<meta property=\"og:locale\" content=\"fr_FR\" \/>\n<meta property=\"og:type\" content=\"article\" \/>\n<meta property=\"og:title\" content=\"Mentions l\u00e9gales - www.zaiati-batiment.fr\" \/>\n<meta property=\"og:description\" content=\"Mentions l\u00e9gales SARL ZAIATI Si\u00e8ge social : 12 RUE BOIELDIEU 93150 LE BLANC MESNIL T\u00e9l\u00e9phone :06 47 69 48 40 \/ 06 98 64 65 70 E-mail : zaiatibatiment@yahoo.fr 533\u00a0932\u00a0000 R.C.S. BOBIGNY 2011\u00a0 B\u00a0 05344 SIRET.533 932\u00a0000\u00a0000 11 Confidentialit\u00e9 des donn\u00e9esZaiati batiment s\u2019engage \u00e0 pr\u00e9server la confidentialit\u00e9 des informations communiqu\u00e9es sur le site par l\u2019internaute. L\u2019utilisateur dispose d\u2019un droit d\u2019acc\u00e8s, de rectification et de suppression des donn\u00e9es le concernant qu\u2019il peut exercer en adressant un courriel \u00e0 l\u2019adresse : zaiatibatiment@yahoo.fr Cr\u00e9dit :\u00a0site web propuls\u00e9 Web-H \u00a0https:\/\/www.webhfr.com\/ \u00a0 IMAGE D&rsquo;ACCUEIL\u00a0 FREEPIK \u00a0\u00a0\" \/>\n<meta property=\"og:url\" content=\"http:\/\/zaiati-batiment.fr\/index.php\/mentions-legales\/\" \/>\n<meta property=\"og:site_name\" content=\"www.zaiati-batiment.fr\" \/>\n<meta property=\"article:modified_time\" content=\"2023-11-01T12:02:41+00:00\" \/>\n<meta name=\"twitter:card\" content=\"summary_large_image\" \/>\n<script type=\"application\/ld+json\" class=\"yoast-schema-graph\">{\"@context\":\"https:\/\/schema.org\",\"@graph\":[{\"@type\":\"WebPage\",\"@id\":\"http:\/\/zaiati-batiment.fr\/index.php\/mentions-legales\/\",\"url\":\"http:\/\/zaiati-batiment.fr\/index.php\/mentions-legales\/\",\"name\":\"Mentions l\u00e9gales - www.zaiati-batiment.fr\",\"isPartOf\":{\"@id\":\"http:\/\/zaiati-batiment.fr\/#website\"},\"datePublished\":\"2023-10-31T09:01:53+00:00\",\"dateModified\":\"2023-11-01T12:02:41+00:00\",\"breadcrumb\":{\"@id\":\"http:\/\/zaiati-batiment.fr\/index.php\/mentions-legales\/#breadcrumb\"},\"inLanguage\":\"fr-FR\",\"potentialAction\":[{\"@type\":\"ReadAction\",\"target\":[\"http:\/\/zaiati-batiment.fr\/index.php\/mentions-legales\/\"]}]},{\"@type\":\"BreadcrumbList\",\"@id\":\"http:\/\/zaiati-batiment.fr\/index.php\/mentions-legales\/#breadcrumb\",\"itemListElement\":[{\"@type\":\"ListItem\",\"position\":1,\"name\":\"Accueil\",\"item\":\"http:\/\/zaiati-batiment.fr\/\"},{\"@type\":\"ListItem\",\"position\":2,\"name\":\"Mentions l\u00e9gales\"}]},{\"@type\":\"WebSite\",\"@id\":\"http:\/\/zaiati-batiment.fr\/#website\",\"url\":\"http:\/\/zaiati-batiment.fr\/\",\"name\":\"www.zaiati-batiment.fr\",\"description\":\"\",\"publisher\":{\"@id\":\"http:\/\/zaiati-batiment.fr\/#organization\"},\"potentialAction\":[{\"@type\":\"SearchAction\",\"target\":{\"@type\":\"EntryPoint\",\"urlTemplate\":\"http:\/\/zaiati-batiment.fr\/?s={search_term_string}\"},\"query-input\":\"required name=search_term_string\"}],\"inLanguage\":\"fr-FR\"},{\"@type\":\"Organization\",\"@id\":\"http:\/\/zaiati-batiment.fr\/#organization\",\"name\":\"www.zaiati-batiment.fr\",\"url\":\"http:\/\/zaiati-batiment.fr\/\",\"logo\":{\"@type\":\"ImageObject\",\"inLanguage\":\"fr-FR\",\"@id\":\"http:\/\/zaiati-batiment.fr\/#\/schema\/logo\/image\/\",\"url\":\"https:\/\/zaiati-batiment.fr\/wp-content\/uploads\/2023\/10\/cropped-ZAIATI-BATIMENT-e1698605952413.jpg\",\"contentUrl\":\"https:\/\/zaiati-batiment.fr\/wp-content\/uploads\/2023\/10\/cropped-ZAIATI-BATIMENT-e1698605952413.jpg\",\"width\":500,\"height\":301,\"caption\":\"www.zaiati-batiment.fr\"},\"image\":{\"@id\":\"http:\/\/zaiati-batiment.fr\/#\/schema\/logo\/image\/\"}}]}<\/script>\n<!-- \/ Yoast SEO plugin. -->","yoast_head_json":{"title":"Mentions l\u00e9gales - www.zaiati-batiment.fr","robots":{"index":"index","follow":"follow","max-snippet":"max-snippet:-1","max-image-preview":"max-image-preview:large","max-video-preview":"max-video-preview:-1"},"canonical":"http:\/\/zaiati-batiment.fr\/index.php\/mentions-legales\/","og_locale":"fr_FR","og_type":"article","og_title":"Mentions l\u00e9gales - www.zaiati-batiment.fr","og_description":"Mentions l\u00e9gales SARL ZAIATI Si\u00e8ge social : 12 RUE BOIELDIEU 93150 LE BLANC MESNIL T\u00e9l\u00e9phone :06 47 69 48 40 \/ 06 98 64 65 70 E-mail : zaiatibatiment@yahoo.fr 533\u00a0932\u00a0000 R.C.S. BOBIGNY 2011\u00a0 B\u00a0 05344 SIRET.533 932\u00a0000\u00a0000 11 Confidentialit\u00e9 des donn\u00e9esZaiati batiment s\u2019engage \u00e0 pr\u00e9server la confidentialit\u00e9 des informations communiqu\u00e9es sur le site par l\u2019internaute. L\u2019utilisateur dispose d\u2019un droit d\u2019acc\u00e8s, de rectification et de suppression des donn\u00e9es le concernant qu\u2019il peut exercer en adressant un courriel \u00e0 l\u2019adresse : zaiatibatiment@yahoo.fr Cr\u00e9dit :\u00a0site web propuls\u00e9 Web-H \u00a0https:\/\/www.webhfr.com\/ \u00a0 IMAGE D&rsquo;ACCUEIL\u00a0 FREEPIK \u00a0\u00a0","og_url":"http:\/\/zaiati-batiment.fr\/index.php\/mentions-legales\/","og_site_name":"www.zaiati-batiment.fr","article_modified_time":"2023-11-01T12:02:41+00:00","twitter_card":"summary_large_image","schema":{"@context":"https:\/\/schema.org","@graph":[{"@type":"WebPage","@id":"http:\/\/zaiati-batiment.fr\/index.php\/mentions-legales\/","url":"http:\/\/zaiati-batiment.fr\/index.php\/mentions-legales\/","name":"Mentions l\u00e9gales - www.zaiati-batiment.fr","isPartOf":{"@id":"http:\/\/zaiati-batiment.fr\/#website"},"datePublished":"2023-10-31T09:01:53+00:00","dateModified":"2023-11-01T12:02:41+00:00","breadcrumb":{"@id":"http:\/\/zaiati-batiment.fr\/index.php\/mentions-legales\/#breadcrumb"},"inLanguage":"fr-FR","potentialAction":[{"@type":"ReadAction","target":["http:\/\/zaiati-batiment.fr\/index.php\/mentions-legales\/"]}]},{"@type":"BreadcrumbList","@id":"http:\/\/zaiati-batiment.fr\/index.php\/mentions-legales\/#breadcrumb","itemListElement":[{"@type":"ListItem","position":1,"name":"Accueil","item":"http:\/\/zaiati-batiment.fr\/"},{"@type":"ListItem","position":2,"name":"Mentions l\u00e9gales"}]},{"@type":"WebSite","@id":"http:\/\/zaiati-batiment.fr\/#website","url":"http:\/\/zaiati-batiment.fr\/","name":"www.zaiati-batiment.fr","description":"","publisher":{"@id":"http:\/\/zaiati-batiment.fr\/#organization"},"potentialAction":[{"@type":"SearchAction","target":{"@type":"EntryPoint","urlTemplate":"http:\/\/zaiati-batiment.fr\/?s={search_term_string}"},"query-input":"required name=search_term_string"}],"inLanguage":"fr-FR"},{"@type":"Organization","@id":"http:\/\/zaiati-batiment.fr\/#organization","name":"www.zaiati-batiment.fr","url":"http:\/\/zaiati-batiment.fr\/","logo":{"@type":"ImageObject","inLanguage":"fr-FR","@id":"http:\/\/zaiati-batiment.fr\/#\/schema\/logo\/image\/","url":"https:\/\/zaiati-batiment.fr\/wp-content\/uploads\/2023\/10\/cropped-ZAIATI-BATIMENT-e1698605952413.jpg","contentUrl":"https:\/\/zaiati-batiment.fr\/wp-content\/uploads\/2023\/10\/cropped-ZAIATI-BATIMENT-e1698605952413.jpg","width":500,"height":301,"caption":"www.zaiati-batiment.fr"},"image":{"@id":"http:\/\/zaiati-batiment.fr\/#\/schema\/logo\/image\/"}}]}},"_links":{"self":[{"href":"https:\/\/zaiati-batiment.fr\/index.php\/wp-json\/wp\/v2\/pages\/164"}],"collection":[{"href":"https:\/\/zaiati-batiment.fr\/index.php\/wp-json\/wp\/v2\/pages"}],"about":[{"href":"https:\/\/zaiati-batiment.fr\/index.php\/wp-json\/wp\/v2\/types\/page"}],"author":[{"embeddable":true,"href":"https:\/\/zaiati-batiment.fr\/index.php\/wp-json\/wp\/v2\/users\/1"}],"replies":[{"embeddable":true,"href":"https:\/\/zaiati-batiment.fr\/index.php\/wp-json\/wp\/v2\/comments?post=164"}],"version-history":[{"count":16,"href":"https:\/\/zaiati-batiment.fr\/index.php\/wp-json\/wp\/v2\/pages\/164\/revisions"}],"predecessor-version":[{"id":505,"href":"https:\/\/zaiati-batiment.fr\/index.php\/wp-json\/wp\/v2\/pages\/164\/revisions\/505"}],"wp:attachment":[{"href":"https:\/\/zaiati-batiment.fr\/index.php\/wp-json\/wp\/v2\/media?parent=164"}],"curies":[{"name":"wp","href":"https:\/\/api.w.org\/{rel}","templated":true}]}}